{"id":807,"date":"2025-04-10T07:13:34","date_gmt":"2025-04-10T07:13:34","guid":{"rendered":"https:\/\/www.dpmsolutions.cz\/?page_id=807"},"modified":"2025-04-10T07:13:34","modified_gmt":"2025-04-10T07:13:34","slug":"7t85rb-2","status":"publish","type":"page","link":"https:\/\/www.dpmsolutions.cz\/index.php\/7t85rb-2\/","title":{"rendered":"7T85RB"},"content":{"rendered":"\n<p>7T85RB je trioda s v\u00fdstupn\u00edm v\u00fdkonem 5,1 kW.<\/p>\n\n\n<div class=\"wp-block-image\">\n<figure class=\"alignleft size-medium\"><img loading=\"lazy\" decoding=\"async\" width=\"222\" height=\"300\" src=\"http:\/\/www.dpmsolutions.cz\/wp-content\/uploads\/2024\/01\/UNAVAILABLE-1-222x300.jpg\" alt=\"\" class=\"wp-image-477\" srcset=\"https:\/\/www.dpmsolutions.cz\/wp-content\/uploads\/2024\/01\/UNAVAILABLE-1-222x300.jpg 222w, https:\/\/www.dpmsolutions.cz\/wp-content\/uploads\/2024\/01\/UNAVAILABLE-1.jpg 580w\" sizes=\"auto, (max-width: 222px) 100vw, 222px\" \/><\/figure>\n<\/div>\n\n\n<p>7T85RB je trioda s kovokeramickou strukturou, katodou z karbovan\u00e9ho thoriov\u00e9ho wolframov\u00e9ho vl\u00e1kna, chlazen\u00e1 nucen\u00fdm vzduchem. Maxim\u00e1ln\u00ed pracovn\u00ed frekvence je 110 MHz, maxim\u00e1ln\u00ed ztr\u00e1tov\u00fd v\u00fdkon anody je 2,5 kW a maxim\u00e1ln\u00ed v\u00fdstupn\u00ed v\u00fdkon anody je 5,1 kW. Tato trioda je p\u0159ev\u00e1\u017en\u011b pou\u017e\u00edv\u00e1na jako oscil\u00e1tor v pr\u016fmyslov\u00fdch za\u0159\u00edzen\u00edch pro vysokofrekven\u010dn\u00ed oh\u0159ev.<\/p>\n\n\n\n<div class=\"wp-block-file\"><a id=\"wp-block-file--media-38e5f8dc-baf7-4619-b1ff-6e2f387d2770\" href=\"https:\/\/www.dpmsolutions.cz\/wp-content\/uploads\/2024\/10\/7T85RB-DPM-ENG-2024-1.pdf\" target=\"_blank\" rel=\"noreferrer noopener\">Katalogov\u00fd list<\/a><a href=\"https:\/\/www.dpmsolutions.cz\/wp-content\/uploads\/2024\/10\/7T85RB-DPM-ENG-2024-1.pdf\" class=\"wp-block-file__button wp-element-button\" download aria-describedby=\"wp-block-file--media-38e5f8dc-baf7-4619-b1ff-6e2f387d2770\">St\u00e1hnout<\/a><\/div>\n\n\n\n<div class=\"wp-block-buttons is-content-justification-right is-layout-flex wp-container-core-buttons-is-layout-765c4724 wp-block-buttons-is-layout-flex\">\n<div class=\"wp-block-button is-style-outline is-style-outline--1\"><a class=\"wp-block-button__link has-white-color has-vivid-red-background-color has-text-color has-background has-link-color wp-element-button\" href=\"mailto: info@dpmsolutions.cz\">Kontakt<\/a><\/div>\n<\/div>\n","protected":false},"excerpt":{"rendered":"<p>7T85RB je trioda s v\u00fdstupn\u00edm v\u00fdkonem 5,1 kW. 7T85RB je trioda s kovokeramickou strukturou, katodou z karbovan\u00e9ho thoriov\u00e9ho wolframov\u00e9ho vl\u00e1kna, chlazen\u00e1 nucen\u00fdm vzduchem. Maxim\u00e1ln\u00ed pracovn\u00ed frekvence je 110 MHz, maxim\u00e1ln\u00ed ztr\u00e1tov\u00fd v\u00fdkon anody je 2,5 kW a maxim\u00e1ln\u00ed v\u00fdstupn\u00ed v\u00fdkon anody je 5,1 kW. Tato trioda je p\u0159ev\u00e1\u017en\u011b pou\u017e\u00edv\u00e1na jako oscil\u00e1tor v pr\u016fmyslov\u00fdch za\u0159\u00edzen\u00edch pro [&hellip;]<\/p>\n","protected":false},"author":1,"featured_media":0,"parent":0,"menu_order":0,"comment_status":"closed","ping_status":"closed","template":"","meta":{"footnotes":""},"class_list":["post-807","page","type-page","status-publish","hentry"],"_links":{"self":[{"href":"https:\/\/www.dpmsolutions.cz\/index.php\/wp-json\/wp\/v2\/pages\/807","targetHints":{"allow":["GET"]}}],"collection":[{"href":"https:\/\/www.dpmsolutions.cz\/index.php\/wp-json\/wp\/v2\/pages"}],"about":[{"href":"https:\/\/www.dpmsolutions.cz\/index.php\/wp-json\/wp\/v2\/types\/page"}],"author":[{"embeddable":true,"href":"https:\/\/www.dpmsolutions.cz\/index.php\/wp-json\/wp\/v2\/users\/1"}],"replies":[{"embeddable":true,"href":"https:\/\/www.dpmsolutions.cz\/index.php\/wp-json\/wp\/v2\/comments?post=807"}],"version-history":[{"count":1,"href":"https:\/\/www.dpmsolutions.cz\/index.php\/wp-json\/wp\/v2\/pages\/807\/revisions"}],"predecessor-version":[{"id":810,"href":"https:\/\/www.dpmsolutions.cz\/index.php\/wp-json\/wp\/v2\/pages\/807\/revisions\/810"}],"wp:attachment":[{"href":"https:\/\/www.dpmsolutions.cz\/index.php\/wp-json\/wp\/v2\/media?parent=807"}],"curies":[{"name":"wp","href":"https:\/\/api.w.org\/{rel}","templated":true}]}}