{"id":802,"date":"2025-04-10T07:07:14","date_gmt":"2025-04-10T07:07:14","guid":{"rendered":"https:\/\/www.dpmsolutions.cz\/?page_id=802"},"modified":"2025-04-10T07:07:14","modified_gmt":"2025-04-10T07:07:14","slug":"3cx2500h3-2","status":"publish","type":"page","link":"https:\/\/www.dpmsolutions.cz\/index.php\/3cx2500h3-2\/","title":{"rendered":"3CX2500H3"},"content":{"rendered":"\n<p>3CX2500H3 \u2013 pr\u016fmyslov\u00e1 vzduchem chlazen\u00e1 trioda s v\u00fdstupn\u00edm v\u00fdkonem 10 kW<\/p>\n\n\n<div class=\"wp-block-image\">\n<figure class=\"alignleft size-medium\"><img loading=\"lazy\" decoding=\"async\" width=\"225\" height=\"300\" src=\"https:\/\/www.dpmsolutions.cz\/wp-content\/uploads\/2022\/09\/3CX2500H3-1-225x300.jpg\" alt=\"\" class=\"wp-image-412\" srcset=\"https:\/\/www.dpmsolutions.cz\/wp-content\/uploads\/2022\/09\/3CX2500H3-1-225x300.jpg 225w, https:\/\/www.dpmsolutions.cz\/wp-content\/uploads\/2022\/09\/3CX2500H3-1-768x1024.jpg 768w, https:\/\/www.dpmsolutions.cz\/wp-content\/uploads\/2022\/09\/3CX2500H3-1-1152x1536.jpg 1152w, https:\/\/www.dpmsolutions.cz\/wp-content\/uploads\/2022\/09\/3CX2500H3-1.jpg 1224w\" sizes=\"auto, (max-width: 225px) 100vw, 225px\" \/><\/figure>\n<\/div>\n\n\n<p>3CX2500H3 je vzduchem chlazen\u00e1 v\u00fdkonov\u00e1 trioda se st\u0159edn\u00edm zes\u00edlen\u00edm, s kovokeramickou konstrukc\u00ed, ur\u010den\u00e1 p\u0159edev\u0161\u00edm pro pou\u017eit\u00ed v pr\u016fmyslov\u00fdch aplikac\u00edch vysokofrekven\u010dn\u00edho oh\u0159evu. P\u0159\u00edpustn\u00fd vstupn\u00ed v\u00fdkon je 14 kW a\u017e do frekvence 75 MHz. Jej\u00ed 386wattov\u00e9 vl\u00e1kno poskytuje dostate\u010dnou emisn\u00ed rezervu.<\/p>\n\n\n\n<p>M\u0159\u00ed\u017ekov\u00e1 struktura je dimenzov\u00e1na na 150 watt\u016f, co\u017e z t\u00e9to elektronky \u010din\u00ed vynikaj\u00edc\u00ed volbu pro pr\u016fmyslov\u00e9 vyu\u017eit\u00ed.<\/p>\n\n\n\n<p class=\"has-text-align-left\">Trioda m\u00e1 ohebn\u00e9 v\u00fdvody vl\u00e1kna a p\u0159\u00edrubu pro v\u00fdvod m\u0159\u00ed\u017eky, kter\u00e1 m\u016f\u017ee b\u00fdt pou\u017eita k upevn\u011bn\u00ed.<\/p>\n\n\n\n<div class=\"wp-block-file alignleft\"><a id=\"wp-block-file--media-1cce01bb-f895-4667-804b-3d5125cbb436\" href=\"https:\/\/www.dpmsolutions.cz\/wp-content\/uploads\/2024\/05\/3CX2500H3-DPM-ENG-2024.pdf\" target=\"_blank\" rel=\"noreferrer noopener\">Katalogov\u00fd list<\/a><a href=\"https:\/\/www.dpmsolutions.cz\/wp-content\/uploads\/2024\/05\/3CX2500H3-DPM-ENG-2024.pdf\" class=\"wp-block-file__button wp-element-button\" download aria-describedby=\"wp-block-file--media-1cce01bb-f895-4667-804b-3d5125cbb436\">St\u00e1hnout<\/a><\/div>\n\n\n\n<p><\/p>\n\n\n\n<p><\/p>\n\n\n\n<div class=\"wp-block-buttons is-content-justification-right is-layout-flex wp-container-core-buttons-is-layout-765c4724 wp-block-buttons-is-layout-flex\">\n<div class=\"wp-block-button is-style-outline is-style-outline--1\"><a class=\"wp-block-button__link has-white-color has-vivid-red-background-color has-text-color has-background wp-element-button\" href=\"mailto:%20info@dpmsolutions.cz\">Kontakt<\/a><\/div>\n<\/div>\n","protected":false},"excerpt":{"rendered":"<p>3CX2500H3 \u2013 pr\u016fmyslov\u00e1 vzduchem chlazen\u00e1 trioda s v\u00fdstupn\u00edm v\u00fdkonem 10 kW 3CX2500H3 je vzduchem chlazen\u00e1 v\u00fdkonov\u00e1 trioda se st\u0159edn\u00edm zes\u00edlen\u00edm, s kovokeramickou konstrukc\u00ed, ur\u010den\u00e1 p\u0159edev\u0161\u00edm pro pou\u017eit\u00ed v pr\u016fmyslov\u00fdch aplikac\u00edch vysokofrekven\u010dn\u00edho oh\u0159evu. P\u0159\u00edpustn\u00fd vstupn\u00ed v\u00fdkon je 14 kW a\u017e do frekvence 75 MHz. Jej\u00ed 386wattov\u00e9 vl\u00e1kno poskytuje dostate\u010dnou emisn\u00ed rezervu. M\u0159\u00ed\u017ekov\u00e1 struktura je dimenzov\u00e1na na [&hellip;]<\/p>\n","protected":false},"author":1,"featured_media":0,"parent":0,"menu_order":0,"comment_status":"closed","ping_status":"closed","template":"","meta":{"footnotes":""},"class_list":["post-802","page","type-page","status-publish","hentry"],"_links":{"self":[{"href":"https:\/\/www.dpmsolutions.cz\/index.php\/wp-json\/wp\/v2\/pages\/802","targetHints":{"allow":["GET"]}}],"collection":[{"href":"https:\/\/www.dpmsolutions.cz\/index.php\/wp-json\/wp\/v2\/pages"}],"about":[{"href":"https:\/\/www.dpmsolutions.cz\/index.php\/wp-json\/wp\/v2\/types\/page"}],"author":[{"embeddable":true,"href":"https:\/\/www.dpmsolutions.cz\/index.php\/wp-json\/wp\/v2\/users\/1"}],"replies":[{"embeddable":true,"href":"https:\/\/www.dpmsolutions.cz\/index.php\/wp-json\/wp\/v2\/comments?post=802"}],"version-history":[{"count":1,"href":"https:\/\/www.dpmsolutions.cz\/index.php\/wp-json\/wp\/v2\/pages\/802\/revisions"}],"predecessor-version":[{"id":803,"href":"https:\/\/www.dpmsolutions.cz\/index.php\/wp-json\/wp\/v2\/pages\/802\/revisions\/803"}],"wp:attachment":[{"href":"https:\/\/www.dpmsolutions.cz\/index.php\/wp-json\/wp\/v2\/media?parent=802"}],"curies":[{"name":"wp","href":"https:\/\/api.w.org\/{rel}","templated":true}]}}