{"id":795,"date":"2025-04-10T07:02:54","date_gmt":"2025-04-10T07:02:54","guid":{"rendered":"https:\/\/www.dpmsolutions.cz\/?page_id=795"},"modified":"2025-04-10T07:02:55","modified_gmt":"2025-04-10T07:02:55","slug":"rs3060cj-2","status":"publish","type":"page","link":"https:\/\/www.dpmsolutions.cz\/index.php\/rs3060cj-2\/","title":{"rendered":"RS3060CJ"},"content":{"rendered":"\n<p>RS3060CJ \u2013 pr\u016fmyslov\u00e1 vodou chlazen\u00e1 trioda s v\u00fdstupn\u00edm v\u00fdkonem 120 kW<\/p>\n\n\n<div class=\"wp-block-image\">\n<figure class=\"alignleft size-medium\"><img loading=\"lazy\" decoding=\"async\" width=\"225\" height=\"300\" src=\"https:\/\/www.dpmsolutions.cz\/wp-content\/uploads\/2022\/10\/RS3060CJ-1-1-225x300.jpg\" alt=\"\" class=\"wp-image-421\" srcset=\"https:\/\/www.dpmsolutions.cz\/wp-content\/uploads\/2022\/10\/RS3060CJ-1-1-225x300.jpg 225w, https:\/\/www.dpmsolutions.cz\/wp-content\/uploads\/2022\/10\/RS3060CJ-1-1.jpg 750w\" sizes=\"auto, (max-width: 225px) 100vw, 225px\" \/><\/figure>\n<\/div>\n\n\n<p>Vysoce v\u00fdkonn\u00e1 trioda RS 3060 CJ, ur\u010den\u00e1 pro aplikace dielektrick\u00e9ho oh\u0159evu, poskytuje trval\u00fd vysokofrekven\u010dn\u00ed v\u00fdkon 120 kW. Je obzvl\u00e1\u0161t\u011b vhodn\u00e1 pro pr\u016fmyslov\u00e9 vyu\u017eit\u00ed, nap\u0159\u00edklad su\u0161en\u00ed textili\u00ed.<\/p>\n\n\n\n<p>Tato vodou chlazen\u00e1 trioda vyu\u017e\u00edv\u00e1 koaxi\u00e1ln\u00ed konstrukci a kovokeramickou technologii. M\u016f\u017ee b\u00fdt provozov\u00e1na v re\u017eimu CW (nep\u0159etr\u017eit\u00fd vlnov\u00fd re\u017eim) nebo v pulzn\u00edm re\u017eimu. V pulzn\u00edm re\u017eimu z\u00e1vis\u00ed provozn\u00ed parametry na konkr\u00e9tn\u00edch vlastnostech za\u0159\u00edzen\u00ed.<\/p>\n\n\n\n<p>Vysokofrekven\u010dn\u00ed (RF) su\u0161en\u00ed nab\u00edz\u00ed vysokou kapacitu, rychlost a kvalitu su\u0161en\u00ed \u2013 pr\u00e1v\u011b to, co textiln\u00ed pr\u016fmysl pot\u0159ebuje. Kdy\u017e mokr\u00e9 od\u011bvy z akrylu, bavlny, nylonu a sm\u011bs\u00ed polyesteru proch\u00e1zej\u00ed su\u0161ic\u00ed komorou, r\u00e1diov\u00e9 vlny rozkmit\u00e1vaj\u00ed obsa\u017een\u00e9 molekuly vody milionkr\u00e1t za sekundu, \u010d\u00edm\u017e doch\u00e1z\u00ed k jejich odpa\u0159ov\u00e1n\u00ed.<\/p>\n\n\n\n<div class=\"wp-block-file\"><a id=\"wp-block-file--media-d5d94cf2-c0b0-47ae-bd03-819eeb48af7f\" href=\"https:\/\/www.dpmsolutions.cz\/wp-content\/uploads\/2022\/06\/RS3060CJ-DPM-ENG-2022.pdf\" target=\"_blank\" rel=\"noreferrer noopener\">Katalogov\u00fd list<\/a><a href=\"https:\/\/www.dpmsolutions.cz\/wp-content\/uploads\/2022\/06\/RS3060CJ-DPM-ENG-2022.pdf\" class=\"wp-block-file__button wp-element-button\" download aria-describedby=\"wp-block-file--media-d5d94cf2-c0b0-47ae-bd03-819eeb48af7f\">St\u00e1hnout<\/a><\/div>\n\n\n\n<div class=\"wp-block-buttons is-content-justification-right is-layout-flex wp-container-core-buttons-is-layout-765c4724 wp-block-buttons-is-layout-flex\">\n<div class=\"wp-block-button is-style-outline is-style-outline--1\"><a class=\"wp-block-button__link has-white-color has-vivid-red-background-color has-text-color has-background wp-element-button\" href=\"mailto:%20info@dpmsolutions.cz\">Kontakt<\/a><\/div>\n<\/div>\n","protected":false},"excerpt":{"rendered":"<p>RS3060CJ \u2013 pr\u016fmyslov\u00e1 vodou chlazen\u00e1 trioda s v\u00fdstupn\u00edm v\u00fdkonem 120 kW Vysoce v\u00fdkonn\u00e1 trioda RS 3060 CJ, ur\u010den\u00e1 pro aplikace dielektrick\u00e9ho oh\u0159evu, poskytuje trval\u00fd vysokofrekven\u010dn\u00ed v\u00fdkon 120 kW. Je obzvl\u00e1\u0161t\u011b vhodn\u00e1 pro pr\u016fmyslov\u00e9 vyu\u017eit\u00ed, nap\u0159\u00edklad su\u0161en\u00ed textili\u00ed. Tato vodou chlazen\u00e1 trioda vyu\u017e\u00edv\u00e1 koaxi\u00e1ln\u00ed konstrukci a kovokeramickou technologii. M\u016f\u017ee b\u00fdt provozov\u00e1na v re\u017eimu CW (nep\u0159etr\u017eit\u00fd vlnov\u00fd [&hellip;]<\/p>\n","protected":false},"author":1,"featured_media":0,"parent":0,"menu_order":0,"comment_status":"closed","ping_status":"closed","template":"","meta":{"footnotes":""},"class_list":["post-795","page","type-page","status-publish","hentry"],"_links":{"self":[{"href":"https:\/\/www.dpmsolutions.cz\/index.php\/wp-json\/wp\/v2\/pages\/795","targetHints":{"allow":["GET"]}}],"collection":[{"href":"https:\/\/www.dpmsolutions.cz\/index.php\/wp-json\/wp\/v2\/pages"}],"about":[{"href":"https:\/\/www.dpmsolutions.cz\/index.php\/wp-json\/wp\/v2\/types\/page"}],"author":[{"embeddable":true,"href":"https:\/\/www.dpmsolutions.cz\/index.php\/wp-json\/wp\/v2\/users\/1"}],"replies":[{"embeddable":true,"href":"https:\/\/www.dpmsolutions.cz\/index.php\/wp-json\/wp\/v2\/comments?post=795"}],"version-history":[{"count":1,"href":"https:\/\/www.dpmsolutions.cz\/index.php\/wp-json\/wp\/v2\/pages\/795\/revisions"}],"predecessor-version":[{"id":797,"href":"https:\/\/www.dpmsolutions.cz\/index.php\/wp-json\/wp\/v2\/pages\/795\/revisions\/797"}],"wp:attachment":[{"href":"https:\/\/www.dpmsolutions.cz\/index.php\/wp-json\/wp\/v2\/media?parent=795"}],"curies":[{"name":"wp","href":"https:\/\/api.w.org\/{rel}","templated":true}]}}