{"id":767,"date":"2025-03-27T08:23:02","date_gmt":"2025-03-27T08:23:02","guid":{"rendered":"https:\/\/www.dpmsolutions.cz\/?page_id=767"},"modified":"2025-03-27T08:23:02","modified_gmt":"2025-03-27T08:23:02","slug":"rs3021cj-2","status":"publish","type":"page","link":"https:\/\/www.dpmsolutions.cz\/index.php\/rs3021cj-2\/","title":{"rendered":"RS3021CJ"},"content":{"rendered":"\n<p>RS3021CJ \u2013 pr\u016fmyslov\u00e1 vodou chlazen\u00e1 trioda s v\u00fdstupn\u00edm v\u00fdkonem 25 kW<\/p>\n\n\n<div class=\"wp-block-image\">\n<figure class=\"alignleft size-medium\"><img loading=\"lazy\" decoding=\"async\" width=\"225\" height=\"300\" src=\"https:\/\/www.dpmsolutions.cz\/wp-content\/uploads\/2025\/03\/RS3021CJ-225x300.jpg\" alt=\"\" class=\"wp-image-678\" srcset=\"https:\/\/www.dpmsolutions.cz\/wp-content\/uploads\/2025\/03\/RS3021CJ-225x300.jpg 225w, https:\/\/www.dpmsolutions.cz\/wp-content\/uploads\/2025\/03\/RS3021CJ.jpg 750w\" sizes=\"auto, (max-width: 225px) 100vw, 225px\" \/><\/figure>\n<\/div>\n\n\n<p>RS3021CJ je vodou chlazen\u00e1 trioda s vysok\u00fdm zes\u00edlen\u00edm, vyroben\u00e1 kovokeramickou technologi\u00ed. Tato elektronka je ur\u010dena pro pr\u016fmyslov\u00e9 gener\u00e1tory a zesilova\u010de s frekvenc\u00ed a\u017e do 120 MHz. RS3021CJ se nej\u010dast\u011bji pou\u017e\u00edv\u00e1 v gener\u00e1torech pro CO\u2082 laserov\u00e9 \u0159ezac\u00ed stroje TRUMPF s v\u00fdkonem a\u017e 4 kW.<\/p>\n\n\n\n<p>Pro provoz v pulzn\u00edm re\u017eimu z\u00e1vis\u00ed parametry na specifikac\u00edch konkr\u00e9tn\u00edho za\u0159\u00edzen\u00ed. Pro podrobn\u011bj\u0161\u00ed informace n\u00e1s pros\u00edm kontaktujte.<\/p>\n\n\n\n<div class=\"wp-block-file\"><a id=\"wp-block-file--media-6e8451d6-6bb6-4e18-8b2c-5af48d6ea383\" href=\"https:\/\/www.dpmsolutions.cz\/wp-content\/uploads\/2022\/06\/RS3021CJ-DPM-ENG-2022.pdf\" target=\"_blank\" rel=\"noreferrer noopener\">Katalogov\u00fd list<\/a><a href=\"https:\/\/www.dpmsolutions.cz\/wp-content\/uploads\/2022\/06\/RS3021CJ-DPM-ENG-2022.pdf\" class=\"wp-block-file__button wp-element-button\" download aria-describedby=\"wp-block-file--media-6e8451d6-6bb6-4e18-8b2c-5af48d6ea383\">St\u00e1hnout<\/a><\/div>\n\n\n\n<div class=\"wp-block-buttons is-content-justification-right is-layout-flex wp-container-core-buttons-is-layout-765c4724 wp-block-buttons-is-layout-flex\">\n<div class=\"wp-block-button is-style-outline is-style-outline--1\"><a class=\"wp-block-button__link has-white-color has-vivid-red-background-color has-text-color has-background wp-element-button\" href=\"mailto:%20info@dpmsolutions.cz\">Kontakt<\/a><\/div>\n<\/div>\n","protected":false},"excerpt":{"rendered":"<p>RS3021CJ \u2013 pr\u016fmyslov\u00e1 vodou chlazen\u00e1 trioda s v\u00fdstupn\u00edm v\u00fdkonem 25 kW RS3021CJ je vodou chlazen\u00e1 trioda s vysok\u00fdm zes\u00edlen\u00edm, vyroben\u00e1 kovokeramickou technologi\u00ed. Tato elektronka je ur\u010dena pro pr\u016fmyslov\u00e9 gener\u00e1tory a zesilova\u010de s frekvenc\u00ed a\u017e do 120 MHz. RS3021CJ se nej\u010dast\u011bji pou\u017e\u00edv\u00e1 v gener\u00e1torech pro CO\u2082 laserov\u00e9 \u0159ezac\u00ed stroje TRUMPF s v\u00fdkonem a\u017e 4 kW. Pro [&hellip;]<\/p>\n","protected":false},"author":1,"featured_media":0,"parent":0,"menu_order":0,"comment_status":"closed","ping_status":"closed","template":"","meta":{"footnotes":""},"class_list":["post-767","page","type-page","status-publish","hentry"],"_links":{"self":[{"href":"https:\/\/www.dpmsolutions.cz\/index.php\/wp-json\/wp\/v2\/pages\/767","targetHints":{"allow":["GET"]}}],"collection":[{"href":"https:\/\/www.dpmsolutions.cz\/index.php\/wp-json\/wp\/v2\/pages"}],"about":[{"href":"https:\/\/www.dpmsolutions.cz\/index.php\/wp-json\/wp\/v2\/types\/page"}],"author":[{"embeddable":true,"href":"https:\/\/www.dpmsolutions.cz\/index.php\/wp-json\/wp\/v2\/users\/1"}],"replies":[{"embeddable":true,"href":"https:\/\/www.dpmsolutions.cz\/index.php\/wp-json\/wp\/v2\/comments?post=767"}],"version-history":[{"count":1,"href":"https:\/\/www.dpmsolutions.cz\/index.php\/wp-json\/wp\/v2\/pages\/767\/revisions"}],"predecessor-version":[{"id":768,"href":"https:\/\/www.dpmsolutions.cz\/index.php\/wp-json\/wp\/v2\/pages\/767\/revisions\/768"}],"wp:attachment":[{"href":"https:\/\/www.dpmsolutions.cz\/index.php\/wp-json\/wp\/v2\/media?parent=767"}],"curies":[{"name":"wp","href":"https:\/\/api.w.org\/{rel}","templated":true}]}}