{"id":716,"date":"2025-03-25T09:43:41","date_gmt":"2025-03-25T09:43:41","guid":{"rendered":"https:\/\/www.dpmsolutions.cz\/?page_id=716"},"modified":"2025-03-25T09:43:41","modified_gmt":"2025-03-25T09:43:41","slug":"8078-tb4-1500-2","status":"publish","type":"page","link":"https:\/\/www.dpmsolutions.cz\/index.php\/8078-tb4-1500-2\/","title":{"rendered":"8078 \/\/ TB4\/1500"},"content":{"rendered":"\n<p>TB4\/1500 \u2013 v\u00fdkonov\u00e1 sklen\u011bn\u00e1 trioda s anodov\u00fdm v\u00fdkonem 500 W.<\/p>\n\n\n<div class=\"wp-block-image\">\n<figure class=\"alignleft size-medium\"><img loading=\"lazy\" decoding=\"async\" width=\"225\" height=\"300\" src=\"https:\/\/www.dpmsolutions.cz\/wp-content\/uploads\/2025\/03\/TB4_1500_-8087-225x300.jpg\" alt=\"\" class=\"wp-image-658\" srcset=\"https:\/\/www.dpmsolutions.cz\/wp-content\/uploads\/2025\/03\/TB4_1500_-8087-225x300.jpg 225w, https:\/\/www.dpmsolutions.cz\/wp-content\/uploads\/2025\/03\/TB4_1500_-8087.jpg 768w\" sizes=\"auto, (max-width: 225px) 100vw, 225px\" \/><\/figure>\n<\/div>\n\n\n<p>Tato elektronka se vyzna\u010duje robustn\u00ed konstrukc\u00ed pro aplikace ve vysokov\u00fdkonn\u00fdch vysokofrekven\u010dn\u00edch vys\u00edla\u010d\u00edch.<\/p>\n\n\n\n<p>Obal je vyroben z tvrzen\u00e9ho skla, speci\u00e1ln\u011b navr\u017een\u00e9ho pro provoz vys\u00edlac\u00edch elektronek p\u0159i vysok\u00fdch teplot\u00e1ch. Vnit\u0159n\u00ed sou\u010d\u00e1sti elektronky jsou upevn\u011bny pomoc\u00ed keramick\u00fdch izol\u00e1tor\u016f s n\u00edzk\u00fdmi ztr\u00e1tami, co\u017e umo\u017e\u0148uje provoz p\u0159i vysok\u00fdch teplot\u00e1ch a odolnost v\u016f\u010di vysok\u00e9mu nap\u011bt\u00ed. Pevn\u00e1 konstrukce m\u0159\u00ed\u017eky je obzvl\u00e1\u0161t\u011b vhodn\u00e1 pro pr\u016fmyslov\u00e9 aplikace oh\u0159evu.<\/p>\n\n\n\n<div class=\"wp-block-file alignleft\"><a id=\"wp-block-file--media-8a5abeca-b040-4dcd-b31e-2ad056418a0d\" href=\"https:\/\/www.dpmsolutions.cz\/wp-content\/uploads\/2024\/01\/TB4_1500-DPM-ENG-2023.pdf\" target=\"_blank\" rel=\"noreferrer noopener\">Katalogov\u00fd list<\/a><a href=\"https:\/\/www.dpmsolutions.cz\/wp-content\/uploads\/2024\/01\/TB4_1500-DPM-ENG-2023.pdf\" class=\"wp-block-file__button wp-element-button\" download aria-describedby=\"wp-block-file--media-8a5abeca-b040-4dcd-b31e-2ad056418a0d\">St\u00e1hnout<\/a><\/div>\n\n\n\n<div class=\"wp-block-buttons is-content-justification-right is-layout-flex wp-container-core-buttons-is-layout-765c4724 wp-block-buttons-is-layout-flex\">\n<div class=\"wp-block-button is-style-outline is-style-outline--1\"><a class=\"wp-block-button__link has-white-color has-vivid-red-background-color has-text-color has-background wp-element-button\" href=\"mailto: info@dpmsolutions.cz\">Kontakt<\/a><\/div>\n<\/div>\n","protected":false},"excerpt":{"rendered":"<p>TB4\/1500 \u2013 v\u00fdkonov\u00e1 sklen\u011bn\u00e1 trioda s anodov\u00fdm v\u00fdkonem 500 W. Tato elektronka se vyzna\u010duje robustn\u00ed konstrukc\u00ed pro aplikace ve vysokov\u00fdkonn\u00fdch vysokofrekven\u010dn\u00edch vys\u00edla\u010d\u00edch. Obal je vyroben z tvrzen\u00e9ho skla, speci\u00e1ln\u011b navr\u017een\u00e9ho pro provoz vys\u00edlac\u00edch elektronek p\u0159i vysok\u00fdch teplot\u00e1ch. Vnit\u0159n\u00ed sou\u010d\u00e1sti elektronky jsou upevn\u011bny pomoc\u00ed keramick\u00fdch izol\u00e1tor\u016f s n\u00edzk\u00fdmi ztr\u00e1tami, co\u017e umo\u017e\u0148uje provoz p\u0159i vysok\u00fdch teplot\u00e1ch a [&hellip;]<\/p>\n","protected":false},"author":1,"featured_media":0,"parent":0,"menu_order":0,"comment_status":"closed","ping_status":"closed","template":"","meta":{"footnotes":""},"class_list":["post-716","page","type-page","status-publish","hentry"],"_links":{"self":[{"href":"https:\/\/www.dpmsolutions.cz\/index.php\/wp-json\/wp\/v2\/pages\/716","targetHints":{"allow":["GET"]}}],"collection":[{"href":"https:\/\/www.dpmsolutions.cz\/index.php\/wp-json\/wp\/v2\/pages"}],"about":[{"href":"https:\/\/www.dpmsolutions.cz\/index.php\/wp-json\/wp\/v2\/types\/page"}],"author":[{"embeddable":true,"href":"https:\/\/www.dpmsolutions.cz\/index.php\/wp-json\/wp\/v2\/users\/1"}],"replies":[{"embeddable":true,"href":"https:\/\/www.dpmsolutions.cz\/index.php\/wp-json\/wp\/v2\/comments?post=716"}],"version-history":[{"count":1,"href":"https:\/\/www.dpmsolutions.cz\/index.php\/wp-json\/wp\/v2\/pages\/716\/revisions"}],"predecessor-version":[{"id":717,"href":"https:\/\/www.dpmsolutions.cz\/index.php\/wp-json\/wp\/v2\/pages\/716\/revisions\/717"}],"wp:attachment":[{"href":"https:\/\/www.dpmsolutions.cz\/index.php\/wp-json\/wp\/v2\/media?parent=716"}],"curies":[{"name":"wp","href":"https:\/\/api.w.org\/{rel}","templated":true}]}}