{"id":134,"date":"2020-04-20T08:21:21","date_gmt":"2020-04-20T08:21:21","guid":{"rendered":"http:\/\/www.dpmsolutions.cz\/?page_id=134"},"modified":"2025-04-10T07:23:03","modified_gmt":"2025-04-10T07:23:03","slug":"documentation","status":"publish","type":"page","link":"https:\/\/www.dpmsolutions.cz\/index.php\/documentation\/","title":{"rendered":"DOKUMENTY"},"content":{"rendered":"\n<div class=\"wp-block-group\"><div class=\"wp-block-group__inner-container is-layout-constrained wp-block-group-is-layout-constrained\">\n<div class=\"wp-block-group\"><div class=\"wp-block-group__inner-container is-layout-flow wp-block-group-is-layout-flow\">\n<div class=\"wp-block-file\"><a id=\"wp-block-file--media-10c530d2-e8dc-49e1-9d6c-78ecc480412d\" href=\"https:\/\/www.dpmsolutions.cz\/wp-content\/uploads\/2024\/02\/Vseobecne-obchodni-podminky-a-dodaci-podminky-DPM-Solutions-s.r.o.pdf\">V\u0161eobecn\u00e9 obchodn\u00ed podm\u00ednky a dodac\u00ed podm\u00ednky DPM Solutions s.r.o<\/a><a href=\"https:\/\/www.dpmsolutions.cz\/wp-content\/uploads\/2024\/02\/Vseobecne-obchodni-podminky-a-dodaci-podminky-DPM-Solutions-s.r.o.pdf\" class=\"wp-block-file__button wp-element-button\" download aria-describedby=\"wp-block-file--media-10c530d2-e8dc-49e1-9d6c-78ecc480412d\">Download<\/a><\/div>\n<\/div><\/div>\n\n\n\n<div class=\"wp-block-group\"><div class=\"wp-block-group__inner-container is-layout-flow wp-block-group-is-layout-flow\"><\/div><\/div>\n\n\n\n<p>Jak bal\u00edme na\u0161e zbo\u017e\u00ed:<\/p>\n\n\n\n<p class=\"has-text-align-left\">  Pou\u017eit\u00ed &#8222;box-in-box&#8220; syst\u00e9mu v kombinaci s n\u00e1razov\u00fdm indik\u00e1torem pom\u00e1h\u00e1 eliminovat riziko po\u0161kozen\u00ed  z\u00e1silky b\u011bhem p\u0159epravy.<\/p>\n<\/div><\/div>\n\n\n\n<p><\/p>\n","protected":false},"excerpt":{"rendered":"<p>Jak bal\u00edme na\u0161e zbo\u017e\u00ed: Pou\u017eit\u00ed &#8222;box-in-box&#8220; syst\u00e9mu v kombinaci s n\u00e1razov\u00fdm indik\u00e1torem pom\u00e1h\u00e1 eliminovat riziko po\u0161kozen\u00ed z\u00e1silky b\u011bhem p\u0159epravy.<\/p>\n","protected":false},"author":1,"featured_media":0,"parent":0,"menu_order":0,"comment_status":"closed","ping_status":"closed","template":"","meta":{"footnotes":""},"class_list":["post-134","page","type-page","status-publish","hentry"],"_links":{"self":[{"href":"https:\/\/www.dpmsolutions.cz\/index.php\/wp-json\/wp\/v2\/pages\/134","targetHints":{"allow":["GET"]}}],"collection":[{"href":"https:\/\/www.dpmsolutions.cz\/index.php\/wp-json\/wp\/v2\/pages"}],"about":[{"href":"https:\/\/www.dpmsolutions.cz\/index.php\/wp-json\/wp\/v2\/types\/page"}],"author":[{"embeddable":true,"href":"https:\/\/www.dpmsolutions.cz\/index.php\/wp-json\/wp\/v2\/users\/1"}],"replies":[{"embeddable":true,"href":"https:\/\/www.dpmsolutions.cz\/index.php\/wp-json\/wp\/v2\/comments?post=134"}],"version-history":[{"count":13,"href":"https:\/\/www.dpmsolutions.cz\/index.php\/wp-json\/wp\/v2\/pages\/134\/revisions"}],"predecessor-version":[{"id":816,"href":"https:\/\/www.dpmsolutions.cz\/index.php\/wp-json\/wp\/v2\/pages\/134\/revisions\/816"}],"wp:attachment":[{"href":"https:\/\/www.dpmsolutions.cz\/index.php\/wp-json\/wp\/v2\/media?parent=134"}],"curies":[{"name":"wp","href":"https:\/\/api.w.org\/{rel}","templated":true}]}}